{"id":554,"date":"2025-05-05T11:35:25","date_gmt":"2025-05-05T09:35:25","guid":{"rendered":"https:\/\/parkingpyrzowiceairport.pl\/?page_id=554"},"modified":"2025-06-06T09:23:56","modified_gmt":"2025-06-06T07:23:56","slug":"rezerwacja","status":"publish","type":"page","link":"https:\/\/parkingpyrzowiceairport.pl\/?page_id=554","title":{"rendered":"REZERWACJA"},"content":{"rendered":"\t\t<div data-elementor-type=\"wp-page\" data-elementor-id=\"554\" class=\"elementor elementor-554\">\n\t\t\t\t<div class=\"elementor-element elementor-element-4dc087bc e-flex e-con-boxed e-con e-parent\" data-id=\"4dc087bc\" data-element_type=\"container\" data-settings=\"{&quot;background_background&quot;:&quot;classic&quot;}\">\n\t\t\t\t\t<div class=\"e-con-inner\">\n\t\t\t\t<div class=\"elementor-element elementor-element-251f5b32 elementor-widget elementor-widget-text-editor\" data-id=\"251f5b32\" data-element_type=\"widget\" data-widget_type=\"text-editor.default\">\n\t\t\t\t<div class=\"elementor-widget-container\">\n\t\t\t\t\t\t\t\t\t\n<div class=\"section-wrapper\" data-id=\"oVnLob\"><section class=\"wp-block-gutenverse-section guten-element guten-section guten-oVnLob layout-boxed align-stretch\"><div class=\"guten-container guten-column-gap-default\">\n<div class=\"wp-block-gutenverse-column guten-element guten-column guten-rBMcxH\"><div class=\"guten-column-wrapper\" data-id=\"rBMcxH\">\n<div class=\"section-wrapper\" data-id=\"2vpsC4\"><section class=\"wp-block-gutenverse-section guten-element guten-section guten-2vpsC4 layout-boxed align-stretch\"><div class=\"guten-container guten-column-gap-default\">\n<div class=\"wp-block-gutenverse-column guten-element guten-column guten-MfzNdJ\"><div class=\"guten-column-wrapper\" data-id=\"MfzNdJ\"><\/div><\/div>\n\n\n\n<div class=\"wp-block-gutenverse-column guten-element guten-column guten-XMlNEB\"><div class=\"guten-column-wrapper\" data-id=\"XMlNEB\"><\/div><\/div>\n\n\n\n<div class=\"wp-block-gutenverse-column guten-element guten-column guten-KJafUX\"><div class=\"guten-column-wrapper\" data-id=\"KJafUX\"><\/div><\/div>\n<\/div><\/section><\/div>\n\n\n\n<div class=\"section-wrapper\" data-id=\"fiToeQ\"><section class=\"wp-block-gutenverse-section guten-element guten-section guten-fiToeQ layout-boxed align-stretch\"><div class=\"guten-container guten-column-gap-no\">\n<div class=\"wp-block-gutenverse-column guten-element guten-column guten-nzv9qn\"><div class=\"guten-column-wrapper\" data-id=\"nzv9qn\">\n<div class=\"wp-block-gutenverse-icon guten-element guten-AmXEMo guten-icon\"><span class=\"guten-icon-wrapper rounded stacked\"><i class=\"gtn gtn-phone1-light\"><\/i><\/span><\/div>\n\n\n\n<h3 class=\"wp-block-gutenverse-heading guten-element guten-h6BI2w\">TELEFON<\/h3>\n\n\n\n<div class=\"guten-element gutenverse-text-editor guten-ojL8te\"><div class=\"text-content-inner\">\n<p>(+048) 453-543-600<\/p>\n<\/div><\/div>\n\n\n\n<div class=\"guten-element gutenverse-text-editor guten-dUSQXW\"><div class=\"text-content-inner\">\n<p><\/p>\n<\/div><\/div>\n<\/div><\/div>\n\n\n\n<div class=\"wp-block-gutenverse-column guten-element guten-column guten-2WdcHU\"><div class=\"guten-column-wrapper\" data-id=\"2WdcHU\">\n<div class=\"wp-block-gutenverse-icon guten-element guten-jZPPjV guten-icon\"><span class=\"guten-icon-wrapper rounded stacked\"><i class=\"gtn gtn-map-marker-light\"><\/i><\/span><\/div>\n\n\n\n<h3 class=\"wp-block-gutenverse-heading guten-element guten-pmLrr0\">LOKALIZACJA<\/h3>\n\n\n\n<div class=\"guten-element gutenverse-text-editor guten-isqmRH\"><div class=\"text-content-inner\">\n<p>UL. NOWOWIEJSKA 17<\/p>\n<\/div><\/div>\n\n\n\n<div class=\"guten-element gutenverse-text-editor guten-YRaev3\"><div class=\"text-content-inner\">\n<p>42-625 PYRZOWICE<\/p>\n<\/div><\/div>\n<\/div><\/div>\n\n\n\n<div class=\"wp-block-gutenverse-column guten-element guten-column guten-QXhWmK\"><div class=\"guten-column-wrapper\" data-id=\"QXhWmK\">\n<div class=\"wp-block-gutenverse-icon guten-element guten-Gu7UUh guten-icon\"><span class=\"guten-icon-wrapper rounded stacked\"><i class=\"gtn gtn-email1-light\"><\/i><\/span><\/div>\n\n\n\n<h3 class=\"wp-block-gutenverse-heading guten-element guten-DBFNJg\">E-MAIL<\/h3>\n\n\n\n<div class=\"guten-element gutenverse-text-editor guten-INtnFW\"><div class=\"text-content-inner\">\n<p>ZALATANIPARKING@GMAIL.COM<\/p>\n<\/div><\/div>\n\n\n\n<div class=\"guten-element gutenverse-text-editor guten-NqzJxm\"><div class=\"text-content-inner\">\n<p><\/p>\n<\/div><\/div>\n<\/div><\/div>\n<\/div><\/section><\/div>\n<\/div><\/div>\n<\/div><\/section><\/div>\n\t\t\t\t\t\t\t\t<\/div>\n\t\t\t\t<\/div>\n\t\t\t\t\t<\/div>\n\t\t\t\t<\/div>\n\t\t<div class=\"elementor-element elementor-element-0788009 e-flex e-con-boxed e-con e-parent\" data-id=\"0788009\" data-element_type=\"container\" data-settings=\"{&quot;background_background&quot;:&quot;classic&quot;}\">\n\t\t\t\t\t<div class=\"e-con-inner\">\n\t\t<div class=\"elementor-element elementor-element-7c9be73 e-con-full e-flex e-con e-child\" data-id=\"7c9be73\" data-element_type=\"container\">\n\t\t\t\t<\/div>\n\t\t<div class=\"elementor-element elementor-element-350be29 e-con-full e-flex e-con e-child\" data-id=\"350be29\" data-element_type=\"container\">\n\t\t\t\t<div class=\"elementor-element elementor-element-a819ddc elementor-widget__width-initial elementor-widget elementor-widget-htcontactform-addons\" data-id=\"a819ddc\" data-element_type=\"widget\" data-widget_type=\"htcontactform-addons.default\">\n\t\t\t\t<div class=\"elementor-widget-container\">\n\t\t\t\t\t            <div class=\"htcontact-form-wrapper\" >\n                \n<div class=\"wpcf7 no-js\" id=\"wpcf7-f553-o1\" lang=\"pl-PL\" dir=\"ltr\" data-wpcf7-id=\"553\">\n<div class=\"screen-reader-response\"><p role=\"status\" aria-live=\"polite\" aria-atomic=\"true\"><\/p> <ul><\/ul><\/div>\n<form action=\"\/index.php?rest_route=%2Fwp%2Fv2%2Fpages%2F554#wpcf7-f553-o1\" method=\"post\" class=\"wpcf7-form init\" aria-label=\"Formularz kontaktowy\" novalidate=\"novalidate\" data-status=\"init\">\n<div style=\"display: none;\">\n<input type=\"hidden\" name=\"_wpcf7\" value=\"553\" \/>\n<input type=\"hidden\" name=\"_wpcf7_version\" value=\"6.0.6\" \/>\n<input type=\"hidden\" name=\"_wpcf7_locale\" value=\"pl_PL\" \/>\n<input type=\"hidden\" name=\"_wpcf7_unit_tag\" value=\"wpcf7-f553-o1\" \/>\n<input type=\"hidden\" name=\"_wpcf7_container_post\" value=\"0\" \/>\n<input type=\"hidden\" name=\"_wpcf7_posted_data_hash\" value=\"\" \/>\n<\/div>\n<p><label> Twoje imi\u0119 i nazwisko<br \/>\n<span class=\"wpcf7-form-control-wrap\" data-name=\"your-name\"><input size=\"40\" maxlength=\"400\" class=\"wpcf7-form-control wpcf7-text wpcf7-validates-as-required\" autocomplete=\"name\" aria-required=\"true\" aria-invalid=\"false\" value=\"\" type=\"text\" name=\"your-name\" \/><\/span> <\/label>\n<\/p>\n<p><label> Tw\u00f3j adres e-mail<br \/>\n<span class=\"wpcf7-form-control-wrap\" data-name=\"your-email\"><input size=\"40\" maxlength=\"400\" class=\"wpcf7-form-control wpcf7-email wpcf7-validates-as-required wpcf7-text wpcf7-validates-as-email\" autocomplete=\"email\" aria-required=\"true\" aria-invalid=\"false\" value=\"\" type=\"email\" name=\"your-email\" \/><\/span> <\/label>\n<\/p>\n<p><label> Telefon<br \/>\n<span class=\"wpcf7-form-control-wrap\" data-name=\"your-tel\"><input size=\"40\" maxlength=\"400\" class=\"wpcf7-form-control wpcf7-tel wpcf7-validates-as-required wpcf7-text wpcf7-validates-as-tel\" aria-required=\"true\" aria-invalid=\"false\" value=\"\" type=\"tel\" name=\"your-tel\" \/><\/span> <\/label>\n<\/p>\n<p><label> Numer rejestracyjny<br \/>\n<span class=\"wpcf7-form-control-wrap\" data-name=\"your-text\"><input size=\"40\" maxlength=\"400\" class=\"wpcf7-form-control wpcf7-text wpcf7-validates-as-required\" aria-required=\"true\" aria-invalid=\"false\" value=\"\" type=\"text\" name=\"your-text\" \/><\/span> <\/label>\n<\/p>\n<p><label> Ilo\u015b\u0107 os\u00f3b w samochodzie<br \/>\n<span class=\"wpcf7-form-control-wrap\" data-name=\"your-number\"><input class=\"wpcf7-form-control wpcf7-number wpcf7-validates-as-required wpcf7-validates-as-number\" min=\"1\" max=\"20\" aria-required=\"true\" aria-invalid=\"false\" value=\"\" type=\"number\" name=\"your-number\" \/><\/span> <\/label>\n<\/p>\n<p><label> Numer lotu powrotnego<br \/>\n<span class=\"wpcf7-form-control-wrap\" data-name=\"text-636\"><input size=\"40\" maxlength=\"9\" class=\"wpcf7-form-control wpcf7-text\" aria-invalid=\"false\" value=\"\" type=\"text\" name=\"text-636\" \/><\/span> <\/label>\n<\/p>\n<p><label> Data i godzina przybycia na parking<br \/>\n<span class=\"wpcf7-form-control-wrap\" data-name=\"date-672\"><input class=\"wpcf7-form-control wpcf7-date wpcf7-validates-as-date\" aria-invalid=\"false\" value=\"\" type=\"date\" name=\"date-672\" \/><\/span> <span class=\"wpcf7-form-control-wrap\" data-name=\"text-884\"><input size=\"10\" maxlength=\"400\" class=\"wpcf7-form-control wpcf7-text walcf7-timepicker\" aria-invalid=\"false\" value=\"\" type=\"text\" name=\"text-884\" \/><\/span><\/label>\n<\/p>\n<p><label> Data i godzina przylotu<br \/>\n<span class=\"wpcf7-form-control-wrap\" data-name=\"date-889\"><input class=\"wpcf7-form-control wpcf7-date wpcf7-validates-as-date\" aria-invalid=\"false\" value=\"\" type=\"date\" name=\"date-889\" \/><\/span> <span class=\"wpcf7-form-control-wrap\" data-name=\"text-25\"><input size=\"10\" maxlength=\"400\" class=\"wpcf7-form-control wpcf7-text walcf7-timepicker\" aria-invalid=\"false\" value=\"\" type=\"text\" name=\"text-25\" \/><\/span> <\/label>\n<\/p>\n<p><label> Uwagi (opcjonalnie)<br \/>\n<span class=\"wpcf7-form-control-wrap\" data-name=\"text-286\"><input size=\"40\" maxlength=\"50\" class=\"wpcf7-form-control wpcf7-text\" aria-invalid=\"false\" value=\"\" type=\"text\" name=\"text-286\" \/><\/span> <\/label>\n<\/p>\n<p><span class=\"wpcf7-form-control-wrap\" data-name=\"acceptance-997\"><span class=\"wpcf7-form-control wpcf7-acceptance optional\"><span class=\"wpcf7-list-item\"><label><input type=\"checkbox\" name=\"acceptance-997\" value=\"1\" aria-invalid=\"false\" \/><span class=\"wpcf7-list-item-label\">Zapozna\u0142em si\u0119 i akceptuje regulamin parkingu*<\/span><\/label><\/span><\/span><\/span>\n<\/p>\n<p><input class=\"wpcf7-form-control wpcf7-submit has-spinner\" type=\"submit\" value=\"Wy\u015blij\" \/>\n<\/p><div class=\"wpcf7-response-output\" aria-hidden=\"true\"><\/div>\n<\/form>\n<\/div>\n            <\/div>\n\n        \t\t\t\t<\/div>\n\t\t\t\t<\/div>\n\t\t\t\t<\/div>\n\t\t<div class=\"elementor-element elementor-element-f31d177 e-con-full e-flex e-con e-child\" data-id=\"f31d177\" data-element_type=\"container\">\n\t\t\t\t<\/div>\n\t\t\t\t\t<\/div>\n\t\t\t\t<\/div>\n\t\t\t\t<\/div>\n\t\t","protected":false},"excerpt":{"rendered":"<p>Twoje imi\u0119 i nazwisko Tw\u00f3j adres e-mail Telefon Numer rejestracyjny Ilo\u015b\u0107 os\u00f3b w samochodzie Numer lotu Data i godzina przybycia na parking Data i godzina przylotu Zapozna\u0142em si\u0119 i akceptuje regulamin parkingu*<\/p>\n","protected":false},"author":1,"featured_media":0,"parent":0,"menu_order":3,"comment_status":"closed","ping_status":"closed","template":"","meta":{"ngg_post_thumbnail":0,"footnotes":""},"class_list":["post-554","page","type-page","status-publish","hentry"],"yoast_head":"<!-- This site is optimized with the Yoast SEO plugin v25.2 - https:\/\/yoast.com\/wordpress\/plugins\/seo\/ -->\n<title>Rezerwacja Parking przy Lotnisku Pyrzowice Zarezerwuj Online<\/title>\n<meta name=\"description\" content=\"Rezerwacja parkingu przy Lotnisku Pyrzowice - wype\u0142nij formularz i zarezerwuj miejsce szybko i wygodnie ju\u017c teraz.\" \/>\n<meta name=\"robots\" content=\"index, follow, max-snippet:-1, max-image-preview:large, max-video-preview:-1\" \/>\n<link rel=\"canonical\" href=\"https:\/\/parkingpyrzowiceairport.pl\/?page_id=554\" \/>\n<meta property=\"og:locale\" content=\"pl_PL\" \/>\n<meta property=\"og:type\" content=\"article\" \/>\n<meta property=\"og:title\" content=\"Rezerwacja Parking przy Lotnisku Pyrzowice Zarezerwuj Online\" \/>\n<meta property=\"og:description\" content=\"Rezerwacja parkingu przy Lotnisku Pyrzowice - wype\u0142nij formularz i zarezerwuj miejsce szybko i wygodnie ju\u017c teraz.\" \/>\n<meta property=\"og:url\" content=\"https:\/\/parkingpyrzowiceairport.pl\/?page_id=554\" \/>\n<meta property=\"og:site_name\" content=\"Zalatani Parking\" \/>\n<meta property=\"article:publisher\" content=\"https:\/\/www.facebook.com\/share\/1Mj3NaPZUP\/?mibextid=wwXIfr\" \/>\n<meta property=\"article:modified_time\" content=\"2025-06-06T07:23:56+00:00\" \/>\n<meta name=\"twitter:card\" content=\"summary_large_image\" \/>\n<meta name=\"twitter:label1\" content=\"Szacowany czas czytania\" \/>\n\t<meta name=\"twitter:data1\" content=\"1 minuta\" \/>\n<script type=\"application\/ld+json\" class=\"yoast-schema-graph\">{\"@context\":\"https:\/\/schema.org\",\"@graph\":[{\"@type\":\"WebPage\",\"@id\":\"https:\/\/parkingpyrzowiceairport.pl\/?page_id=554\",\"url\":\"https:\/\/parkingpyrzowiceairport.pl\/?page_id=554\",\"name\":\"Rezerwacja Parking przy Lotnisku Pyrzowice Zarezerwuj Online\",\"isPartOf\":{\"@id\":\"https:\/\/parkingpyrzowiceairport.pl\/#website\"},\"datePublished\":\"2025-05-05T09:35:25+00:00\",\"dateModified\":\"2025-06-06T07:23:56+00:00\",\"description\":\"Rezerwacja parkingu przy Lotnisku Pyrzowice - wype\u0142nij formularz i zarezerwuj miejsce szybko i wygodnie ju\u017c teraz.\",\"breadcrumb\":{\"@id\":\"https:\/\/parkingpyrzowiceairport.pl\/?page_id=554#breadcrumb\"},\"inLanguage\":\"pl-PL\",\"potentialAction\":[{\"@type\":\"ReadAction\",\"target\":[\"https:\/\/parkingpyrzowiceairport.pl\/?page_id=554\"]}]},{\"@type\":\"BreadcrumbList\",\"@id\":\"https:\/\/parkingpyrzowiceairport.pl\/?page_id=554#breadcrumb\",\"itemListElement\":[{\"@type\":\"ListItem\",\"position\":1,\"name\":\"Home\",\"item\":\"https:\/\/parkingpyrzowiceairport.pl\/\"},{\"@type\":\"ListItem\",\"position\":2,\"name\":\"REZERWACJA\"}]},{\"@type\":\"WebSite\",\"@id\":\"https:\/\/parkingpyrzowiceairport.pl\/#website\",\"url\":\"https:\/\/parkingpyrzowiceairport.pl\/\",\"name\":\"Zalatani Parking\",\"description\":\"U nas wakacje zaczniesz ju\u017c na parkingu.\",\"publisher\":{\"@id\":\"https:\/\/parkingpyrzowiceairport.pl\/#organization\"},\"potentialAction\":[{\"@type\":\"SearchAction\",\"target\":{\"@type\":\"EntryPoint\",\"urlTemplate\":\"https:\/\/parkingpyrzowiceairport.pl\/?s={search_term_string}\"},\"query-input\":{\"@type\":\"PropertyValueSpecification\",\"valueRequired\":true,\"valueName\":\"search_term_string\"}}],\"inLanguage\":\"pl-PL\"},{\"@type\":\"Organization\",\"@id\":\"https:\/\/parkingpyrzowiceairport.pl\/#organization\",\"name\":\"Zalatani Parking\",\"url\":\"https:\/\/parkingpyrzowiceairport.pl\/\",\"logo\":{\"@type\":\"ImageObject\",\"inLanguage\":\"pl-PL\",\"@id\":\"https:\/\/parkingpyrzowiceairport.pl\/#\/schema\/logo\/image\/\",\"url\":\"https:\/\/parkingpyrzowiceairport.pl\/wp-content\/uploads\/2025\/03\/Bez-nazwy-Koszulka-1.jpeg\",\"contentUrl\":\"https:\/\/parkingpyrzowiceairport.pl\/wp-content\/uploads\/2025\/03\/Bez-nazwy-Koszulka-1.jpeg\",\"width\":1556,\"height\":2001,\"caption\":\"Zalatani Parking\"},\"image\":{\"@id\":\"https:\/\/parkingpyrzowiceairport.pl\/#\/schema\/logo\/image\/\"},\"sameAs\":[\"https:\/\/www.facebook.com\/share\/1Mj3NaPZUP\/?mibextid=wwXIfr\"]}]}<\/script>\n<!-- \/ Yoast SEO plugin. -->","yoast_head_json":{"title":"Rezerwacja Parking przy Lotnisku Pyrzowice Zarezerwuj Online","description":"Rezerwacja parkingu przy Lotnisku Pyrzowice - wype\u0142nij formularz i zarezerwuj miejsce szybko i wygodnie ju\u017c teraz.","robots":{"index":"index","follow":"follow","max-snippet":"max-snippet:-1","max-image-preview":"max-image-preview:large","max-video-preview":"max-video-preview:-1"},"canonical":"https:\/\/parkingpyrzowiceairport.pl\/?page_id=554","og_locale":"pl_PL","og_type":"article","og_title":"Rezerwacja Parking przy Lotnisku Pyrzowice Zarezerwuj Online","og_description":"Rezerwacja parkingu przy Lotnisku Pyrzowice - wype\u0142nij formularz i zarezerwuj miejsce szybko i wygodnie ju\u017c teraz.","og_url":"https:\/\/parkingpyrzowiceairport.pl\/?page_id=554","og_site_name":"Zalatani Parking","article_publisher":"https:\/\/www.facebook.com\/share\/1Mj3NaPZUP\/?mibextid=wwXIfr","article_modified_time":"2025-06-06T07:23:56+00:00","twitter_card":"summary_large_image","twitter_misc":{"Szacowany czas czytania":"1 minuta"},"schema":{"@context":"https:\/\/schema.org","@graph":[{"@type":"WebPage","@id":"https:\/\/parkingpyrzowiceairport.pl\/?page_id=554","url":"https:\/\/parkingpyrzowiceairport.pl\/?page_id=554","name":"Rezerwacja Parking przy Lotnisku Pyrzowice Zarezerwuj Online","isPartOf":{"@id":"https:\/\/parkingpyrzowiceairport.pl\/#website"},"datePublished":"2025-05-05T09:35:25+00:00","dateModified":"2025-06-06T07:23:56+00:00","description":"Rezerwacja parkingu przy Lotnisku Pyrzowice - wype\u0142nij formularz i zarezerwuj miejsce szybko i wygodnie ju\u017c teraz.","breadcrumb":{"@id":"https:\/\/parkingpyrzowiceairport.pl\/?page_id=554#breadcrumb"},"inLanguage":"pl-PL","potentialAction":[{"@type":"ReadAction","target":["https:\/\/parkingpyrzowiceairport.pl\/?page_id=554"]}]},{"@type":"BreadcrumbList","@id":"https:\/\/parkingpyrzowiceairport.pl\/?page_id=554#breadcrumb","itemListElement":[{"@type":"ListItem","position":1,"name":"Home","item":"https:\/\/parkingpyrzowiceairport.pl\/"},{"@type":"ListItem","position":2,"name":"REZERWACJA"}]},{"@type":"WebSite","@id":"https:\/\/parkingpyrzowiceairport.pl\/#website","url":"https:\/\/parkingpyrzowiceairport.pl\/","name":"Zalatani Parking","description":"U nas wakacje zaczniesz ju\u017c na parkingu.","publisher":{"@id":"https:\/\/parkingpyrzowiceairport.pl\/#organization"},"potentialAction":[{"@type":"SearchAction","target":{"@type":"EntryPoint","urlTemplate":"https:\/\/parkingpyrzowiceairport.pl\/?s={search_term_string}"},"query-input":{"@type":"PropertyValueSpecification","valueRequired":true,"valueName":"search_term_string"}}],"inLanguage":"pl-PL"},{"@type":"Organization","@id":"https:\/\/parkingpyrzowiceairport.pl\/#organization","name":"Zalatani Parking","url":"https:\/\/parkingpyrzowiceairport.pl\/","logo":{"@type":"ImageObject","inLanguage":"pl-PL","@id":"https:\/\/parkingpyrzowiceairport.pl\/#\/schema\/logo\/image\/","url":"https:\/\/parkingpyrzowiceairport.pl\/wp-content\/uploads\/2025\/03\/Bez-nazwy-Koszulka-1.jpeg","contentUrl":"https:\/\/parkingpyrzowiceairport.pl\/wp-content\/uploads\/2025\/03\/Bez-nazwy-Koszulka-1.jpeg","width":1556,"height":2001,"caption":"Zalatani Parking"},"image":{"@id":"https:\/\/parkingpyrzowiceairport.pl\/#\/schema\/logo\/image\/"},"sameAs":["https:\/\/www.facebook.com\/share\/1Mj3NaPZUP\/?mibextid=wwXIfr"]}]}},"_links":{"self":[{"href":"https:\/\/parkingpyrzowiceairport.pl\/index.php?rest_route=\/wp\/v2\/pages\/554","targetHints":{"allow":["GET"]}}],"collection":[{"href":"https:\/\/parkingpyrzowiceairport.pl\/index.php?rest_route=\/wp\/v2\/pages"}],"about":[{"href":"https:\/\/parkingpyrzowiceairport.pl\/index.php?rest_route=\/wp\/v2\/types\/page"}],"author":[{"embeddable":true,"href":"https:\/\/parkingpyrzowiceairport.pl\/index.php?rest_route=\/wp\/v2\/users\/1"}],"replies":[{"embeddable":true,"href":"https:\/\/parkingpyrzowiceairport.pl\/index.php?rest_route=%2Fwp%2Fv2%2Fcomments&post=554"}],"version-history":[{"count":44,"href":"https:\/\/parkingpyrzowiceairport.pl\/index.php?rest_route=\/wp\/v2\/pages\/554\/revisions"}],"predecessor-version":[{"id":695,"href":"https:\/\/parkingpyrzowiceairport.pl\/index.php?rest_route=\/wp\/v2\/pages\/554\/revisions\/695"}],"wp:attachment":[{"href":"https:\/\/parkingpyrzowiceairport.pl\/index.php?rest_route=%2Fwp%2Fv2%2Fmedia&parent=554"}],"curies":[{"name":"wp","href":"https:\/\/api.w.org\/{rel}","templated":true}]}}