{"id":418,"date":"2025-04-29T19:15:44","date_gmt":"2025-04-29T17:15:44","guid":{"rendered":"https:\/\/parkingpyrzowiceairport.pl\/?page_id=418"},"modified":"2025-06-06T09:08:59","modified_gmt":"2025-06-06T07:08:59","slug":"regulamin-i-rodo","status":"publish","type":"page","link":"https:\/\/parkingpyrzowiceairport.pl\/?page_id=418","title":{"rendered":"REGULAMIN I RODO"},"content":{"rendered":"\n<div class=\"section-wrapper\" data-id=\"Dprc0W\"><section class=\"wp-block-gutenverse-section guten-element guten-section guten-Dprc0W layout-boxed align-stretch\"><div class=\"guten-container guten-column-gap-default\">\n<div class=\"wp-block-gutenverse-column guten-element guten-column guten-j6ojyR\"><div class=\"guten-column-wrapper\" data-id=\"j6ojyR\">\n<div class=\"section-wrapper\" data-id=\"sK0EZN\"><section class=\"wp-block-gutenverse-section guten-element guten-section guten-sK0EZN layout-boxed align-stretch\"><div class=\"guten-container guten-column-gap-no\">\n<div class=\"wp-block-gutenverse-column guten-element guten-column guten-UyU4sb\"><div class=\"guten-column-wrapper\" data-id=\"UyU4sb\">\n<div class=\"guten-element guten-advanced-heading guten-rDwWpK animated guten-element-hide desktop-fadeInRight\"><div class=\"heading-section \"><div class=\"heading-line before\"><\/div><h2 class=\"heading-title\"><span class=\"heading-title\">REGULAMIN PARKINGU I RODO<\/span><span class=\"heading-focus\"><\/span><\/h2><\/div><span class=\"heading-subtitle\"><\/span><\/div>\n\n\n\n<div class=\"guten-element gutenverse-text-editor guten-pUn1hd\"><div class=\"text-content-inner\">\n<p><\/p>\n<\/div><\/div>\n\n\n\n<div class=\"guten-element guten-accordions guten-MRbC1u\">\n<div class=\"accordion-item guten-d3gEW4\"><div class=\"accordion-heading\"><span class=\"accordion-text\"><strong><strong>KLAUZULA INFORMACYJNA O PRZETWARZANIU DANYCH &#8211; RODO<\/strong><\/strong><\/span><div class=\"accordion-icon\"><span class=\"accordion-icon-open\"><i class=\"fas fa-chevron-up\"><\/i><\/span><span class=\"accordion-icon-closed\"><i class=\"fas fa-chevron-down\"><\/i><\/span><\/div><\/div><div class=\"accordion-body\"><div class=\"accordion-content\">\n<p>Na podstawie art. 13 ust. 1 i ust. 2 rozporz\u0105dzenia parlamentu Europejskiego i Rady (UE) 2016\/679 z 27 kwietnia 2016r. w sprawie ochrony os\u00f3b fizycznych w zwi\u0105zku z przetwarzaniem danych osobowych i w sprawie swobodnego przep\u0142ywu takich danych oraz uchylenia dyrektywy 95\/46\/WE (dalej: RODO), informuj\u0119, i\u017c:<\/p>\n\n\n\n<p><\/p>\n\n\n\n<p>1. Administratorem oraz odbiorc\u0105 Pani\/Pana danych osobowych jest PARKING ZALATANI Sebastian Winiarczyk z siedzib\u0105 w Pyrzowicach, ul. Nowowiejska 17, kod pocztowy: 42-625, email: <a href=\"mailto:zalataniparking@gmail.com\">zalataniparking@gmail.com<\/a>, tel.: +48 453 543 600;<br>2. Do danych mog\u0105 mie\u0107 dost\u0119p: firma ksi\u0119gowa, prawnicza, informatyczna, likwidator szk\u00f3d, wykonawca us\u0142ugi w ramach likwidacji szk\u00f3d<br>3. Pani\/Pana dane osobowe przetwarzane b\u0119d\u0105 w celu rezerwacji miejsca parkingowego oraz wykonania us\u0142ugi parkingowej na zasadach okre\u015blonych w polityce prywatno\u015bci na podstawie art. 6 ust 1 b RODO;<br>4. Pani\/Pana dane osobowe s\u0105 konieczne do realizacji us\u0142ugi parkingowej w zakresie danych identyfikacyjnych a odmowa ich podania b\u0119dzie si\u0119 wi\u0105za\u0142a z niemo\u017cliwo\u015bci\u0105 wykonania us\u0142ugi parkingowej;<br>5. Pa\u0144stwa dane b\u0119d\u0105 przechowywane przez okres potrzebny do realizacji us\u0142ugi parkingowej;<br>6. Pani\/Pana dane nie b\u0119d\u0105 przekazywane do pa\u0144stwa trzeciego i organizacji mi\u0119dzynarodowej;<br>7. Posiada Pani\/Pan prawo dost\u0119pu do tre\u015bci swoich danych, prawo do usuni\u0119cia danych, prawo ich sprostowania, prawo do ograniczenia przetwarzania. Ponadto tak\u017ce prawo do cofni\u0119cia zgody w dowolnym momencie bez wp\u0142ywu na zgodno\u015b\u0107 z prawem przetwarzania, prawo do przenoszenia danych oraz prawo do wniesienia sprzeciwu wobec przetwarzania Pani\/Pana danych osobowych,<br>8. Pani\/Pana dane osobowe nie b\u0119d\u0105 profilowane,<br>9. Przys\u0142uguje Pani\/Panu prawo wniesienia skargi do Prezesa Urz\u0119du Ochrony Danych osobowych, gdy uzna Pani\/Pan, i\u017c przetwarzanie danych osobowych dotycz\u0105cych Pani\/Pana narusza przepisy RODO.<\/p>\n\n\n\n<p>Dokonanie rezerwacji miejsca parkingowego osobi\u015bcie, telefonicznie b\u0105d\u017a e-mailowo jest r\u00f3wnoznaczne<br>z akceptacj\u0105 regulaminu parkingu oraz automatyczne wyra\u017cenie zgody na przetwarzanie danych osobowych.<\/p>\n<\/div><\/div><\/div>\n\n\n\n<div class=\"accordion-item guten-YwNDj0\"><div class=\"accordion-heading\"><span class=\"accordion-text\"><meta charset=\"utf-8\"><strong><strong><strong>REGULAMIN&nbsp;PARKINGU ZALATANI ZLOKALIZOWANEGO PRZY UL. NOWOWIEJSKIEJ 17 W PYRZOWICACH<\/strong><\/strong><\/strong><\/span><div class=\"accordion-icon\"><span class=\"accordion-icon-open\"><i class=\"fas fa-chevron-up\"><\/i><\/span><span class=\"accordion-icon-closed\"><i class=\"fas fa-chevron-down\"><\/i><\/span><\/div><\/div><div class=\"accordion-body\"><div class=\"accordion-content\">\n<p>Regulamin okre\u015bla warunki umowy przechowania samochodu oraz obowi\u0105zki jej stron. Us\u0142ugobiorca przed uiszczeniem op\u0142aty parkingowej zobowi\u0105zany jest zapozna\u0107 si\u0119 z tre\u015bci\u0105 niniejszego regulaminu i go zaakceptowa\u0107. Uiszczenie op\u0142aty oraz pozostawienie samochodu na parkingu jest r\u00f3wnoznaczne z zaakceptowaniem niniejszego regulaminu.<\/p>\n\n\n\n<p><\/p>\n\n\n\n<p><strong>\u00a7 1 Warunki og\u00f3lne<\/strong><\/p>\n\n\n\n<ol start=\"1\" class=\"wp-block-list\">\n<li>Przedmiotem przechowywania jest wy\u0142\u0105cznie sam samoch\u00f3d osobowy oraz jego rzeczy stanowi\u0105ce wyposa\u017cenie fabryczne.<\/li>\n\n\n\n<li>Je\u015bli brama parkingowa jest zamkni\u0119ta, prosimy dzwoni\u0107 pod numer telefonu widoczny przy bramie. Obowi\u0105zuje zakaz u\u017cywania klaksonu.<\/li>\n\n\n\n<li>Wje\u017cd\u017caj\u0105c na Parking nale\u017cy obowi\u0105zkowo zatrzyma\u0107 si\u0119 przy znaku STOP (gdzie nast\u0105pi przepakowanie baga\u017cy do busa transferowego), wysadzi\u0107 pasa\u017cer\u00f3w oraz walizki, nast\u0119pnie zaparkowa\u0107 pojazd w miejscu wyznaczonym przez obs\u0142ug\u0119. Zakazane jest wje\u017cd\u017canie na miejsca postojowe z pasa\u017cerami i baga\u017cami. Na miejsce postojowe wje\u017cd\u017ca sam kierowca pojazdu.<\/li>\n\n\n\n<li>Obs\u0142uga parkingu mo\u017ce pom\u00f3c klientowi w przepakowaniu ich baga\u017cy do busa transferowego natomiast nie odpowiada za szkody wyrz\u0105dzone po ich podniesieniu.<\/li>\n\n\n\n<li>Je\u015bli rezerwacja by\u0142a inna ni\u017c on-line, nale\u017cy wype\u0142ni\u0107 formularz w biurze. Nale\u017cy ui\u015bci\u0107 op\u0142at\u0119 parkingow\u0105 w biurze parkingu w dniu wjazdu na parking. Zach\u0119camy do p\u0142atno\u015bci got\u00f3wk\u0105, ewentualnie blikiem na numer telefonu.<\/li>\n\n\n\n<li>Pokwitowanie op\u0142aty wydawane jest przez obs\u0142ug\u0119. Nale\u017cy zachowa\u0107 i okaza\u0107 pokwitowanie obs\u0142udze po przylocie. Jest to niezb\u0119dne do wydania samochodu oraz do naliczenia op\u0142aty parkingowej je\u015bli doba zosta\u0142a przekroczona.<\/li>\n\n\n\n<li>W przypadku zgubienia pokwitowania pojazd mo\u017ce by\u0107 wydany wy\u0142\u0105cznie po okazaniu pracownikowi parkingu dowodu rejestracyjnego pojazdu, oraz dowodu osobistego osoby odbieraj\u0105cej pojazd.<br>W przypadku odmowy wylegitymowania si\u0119 w wy\u017cej wymienionej sprawie, pracownik parkingu ma obowi\u0105zek wezwa\u0107 policj\u0119.<\/li>\n\n\n\n<li>Przed pozostawieniem samochodu nale\u017cy zg\u0142osi\u0107 obs\u0142udze wszystkie uszkodzenia pojazdu, braki w wyposa\u017ceniu i osprz\u0119cie zewn\u0119trznym.<\/li>\n\n\n\n<li>Osobom w stanie nietrze\u017awym lub u kt\u00f3rych stan wskazuje na spo\u017cycie alkoholu obs\u0142uga parkingu mo\u017ce odm\u00f3wi\u0107 przyj\u0119cia na parking lub wydania pojazdu z parkingu.<\/li>\n\n\n\n<li>U\u017cytkownik pojazdu zobowi\u0105zany jest do stosowania si\u0119, do polece\u0144 obs\u0142ugi parkingu oraz do warunk\u00f3w u\u017cytkowania parkingu.<\/li>\n\n\n\n<li>Osoba oddaj\u0105ca pojazd na Parking zobowi\u0105zana jest do zabezpieczenia pojazdu przed dostaniem si\u0119 do jego wn\u0119trza os\u00f3b niepowo\u0142anych oraz stosowania posiadanych system\u00f3w alarmowych.<br>W szczeg\u00f3lno\u015bci pozostawiony samoch\u00f3d winien posiada\u0107 zamkni\u0119te i zablokowane wszelkie drzwi, okna i baga\u017cnik, a tak\u017ce w\u0142\u0105czony alarm, je\u017celi go posiada. U\u017cytkownik pojazdu ma obowi\u0105zek przed opuszczeniem pojazdu wy\u0142\u0105czy\u0107 silnik i wszelkie urz\u0105dzenia, takie jak radio, \u015bwiat\u0142a postojowe i inne.<\/li>\n<\/ol>\n\n\n\n<p><strong>\u00a7 2 Parking<\/strong><\/p>\n\n\n\n<ol start=\"1\" class=\"wp-block-list\">\n<li>Parking jest parkingiem p\u0142atnym (zgodnie z obowi\u0105zuj\u0105cym cennikiem dost\u0119pnym na stronie internetowej <a href=\"https:\/\/parkingpyrzowiceairport.pl\/\">https:\/\/parkingpyrzowiceairport.pl\/<\/a> oraz w biurze parkingu w widocznym miejscu dla klienta). U\u017cytkownik pojazdu kt\u00f3ry przekroczy dobowy czas parkowania zobowi\u0105zany jest do wniesienia op\u0142aty za czas przekroczenia.<\/li>\n\n\n\n<li>Parking jest dozorowany, ogrodzony, o\u015bwietlony, monitorowany, teren utwardzony.<\/li>\n\n\n\n<li>Parking jest czynny ca\u0142o rocznie, codziennie przez 24 godziny na dob\u0119.<\/li>\n\n\n\n<li>W razie konieczno\u015bci, parking posiada sprz\u0119t do rozruchu samochodu.<\/li>\n\n\n\n<li>W okresie parkowania klucz od pojazdu, U\u017cytkownik mo\u017ce pozostawi\u0107 w depozycie u pracownika obs\u0142ugi Parkingu Zalatani za og\u00f3ln\u0105 op\u0142at\u0105 10z\u0142.<\/li>\n\n\n\n<li>Wszelkie skargi i wnioski zwi\u0105zane z korzystaniem z parkingu nale\u017cy zg\u0142asza\u0107 do Zarz\u0105dcy Parkingu, pisemnie b\u0105d\u017a mailowo: <a href=\"mailto:zalataniparking@gmail.com\">zalataniparking@gmail.com<\/a><\/li>\n<\/ol>\n\n\n\n<p><strong>\u00a7 3 Szkody<\/strong><\/p>\n\n\n\n<ol start=\"1\" class=\"wp-block-list\">\n<li>Pojazd pozostawiony na parkingu powinien by\u0107 skutecznie zabezpieczony przed samoczynnym przemieszczaniem si\u0119 (przed staczaniem si\u0119). Ryzyko skutk\u00f3w w tym zakresie ponosi w pe\u0142ni u\u017cytkownik pojazdu, tak\u017ce w stosunku do os\u00f3b trzecich.<\/li>\n\n\n\n<li>Zarz\u0105dca parkingu nie ponosi odpowiedzialno\u015bci za kradzie\u017c i przedmioty pozostawione w samochodzie.<\/li>\n\n\n\n<li>Zarz\u0105dca nie odpowiada za szkody, za kt\u00f3re ponosz\u0105 odpowiedzialno\u015b\u0107 inni U\u017cytkownicy i osoby im towarzysz\u0105ce.<\/li>\n\n\n\n<li>Wszelkie uszkodzenia pojazd\u00f3w podczas manewrowania na parkingu nale\u017cy zg\u0142osi\u0107 obs\u0142udze parkingu.<\/li>\n\n\n\n<li>Pasa\u017cer odpowiada za szkody wyrz\u0105dzone w busie transferowym, szczeg\u00f3lnie zniszczenia wyposa\u017cenia busa oraz szkody wyrz\u0105dzone innym pasa\u017cerom na zasadach og\u00f3lnych przewidzianych w Kodeksie Cywilnym. Obowi\u0105zuje bezwgl\u0119dny zakaz palenia tytoniu i e-papieros\u00f3w w busie.<\/li>\n\n\n\n<li>Jest to parking zewn\u0119trzny, z tego wzgl\u0119du Zarz\u0105dca parkingu nie ponosi odpowiedzialno\u015bci za skutki wynikaj\u0105ce z si\u0142y wy\u017cszej, w tym niekorzystnych warunk\u00f3w atmosferycznych, szk\u00f3d spowodowanych przez dzikie zwierz\u0119ta, zdarze\u0144 o charakterze katastrofalnych dzia\u0142a\u0144 przyrody, gradobicia, huraganu, wojny.<\/li>\n\n\n\n<li>Zarz\u0105dca parkingu jest uprawniony do usuni\u0119cia pojazdu z parkingu w razie nag\u0142ego i uzasadnionego zagro\u017cenia.<\/li>\n\n\n\n<li>Zarz\u0105dca odpowiada za udowodnione szkody wyrz\u0105dzone z winy umy\u015blnej przez siebie oraz jego pracownik\u00f3w lub pe\u0142nomocnik\u00f3w.<\/li>\n\n\n\n<li>Przechowawca nie ponosi odpowiedzialno\u015bci za szkody spowodowane z przyczyn tkwi\u0105cych w samym poje\u017adzie (np. z tytu\u0142u po\u017caru, kt\u00f3ry powsta\u0142 na skutek wadliwej instalacji elektrycznej).<\/li>\n\n\n\n<li>W przypadku kolizji i wypadk\u00f3w drogowych powsta\u0142ych na terenie parkingu obowi\u0105zuje prawo drogowe.<\/li>\n\n\n\n<li>U\u017cytkownik ponosi odpowiedzialno\u015b\u0107 za wszelkie szkody spowodowane przez pojazd lub powsta\u0142e w zwi\u0105zku z korzystaniem z miejsca parkingowego, w szczeg\u00f3lno\u015bci z tytu\u0142u zanieczyszczenia powierzchni parkingu na skutek wycieku p\u0142yn\u00f3w z pojazdu (wyciek oleju, p\u0142ynu hamulcowego, p\u0142ynu ch\u0142odniczego itp.).<\/li>\n\n\n\n<li>W przypadku stwierdzenia szkody na terenie parkingu, klient mo\u017ce wnioskowa\u0107 o pomoc w ustaleniu sprawcy, polegaj\u0105cej na us\u0142udze przejrzeniu zapis\u00f3w monitoringu, w jaki wyposa\u017cony jest parking.<\/li>\n\n\n\n<li>Klient jest zobowi\u0105zany do natychmiastowego poinformowania o zaistnieniu szkody w poje\u017adzie, nie p\u00f3\u017aniej jednak ni\u017c przed opuszczeniem parkingu pod rygorem utraty jakichkolwiek roszcze\u0144<br>o naprawienie szkody w stosunku do W\u0142a\u015bciciela parkingu. Wyjazd z parkingu bez poczynionych pisemnych wsp\u00f3lnie adnotacji oznacza, i\u017c Klient opuszcza parking bez zastrze\u017ce\u0144 co do us\u0142ugi i bez powstania jakiejkolwiek szkody w poje\u017adzie podczas trwania umowy.<\/li>\n\n\n\n<li>W razie jakiejkolwiek szkody Zarz\u0105dca wraz z Us\u0142ugobiorc\u0105 przegl\u0105da monitoring, w razie konieczno\u015bci powiadamia Policj\u0119.<\/li>\n<\/ol>\n\n\n\n<p><strong>\u00a7 4 Zakaz<\/strong><\/p>\n\n\n\n<ol start=\"1\" class=\"wp-block-list\">\n<li>Na parkingu obowi\u0105zuje bezwzgl\u0119dny zakaz wjazdu pojazd\u00f3w, w kt\u00f3rych znajduj\u0105 si\u0119 materia\u0142y \u0142atwopalne, \u017cr\u0105ce, wybuchowe, zagra\u017caj\u0105ce \u017cyciu i zdrowiu u\u017cytkownik\u00f3w oraz materia\u0142\u00f3w uwa\u017canych za niebezpieczne i nielegalne.<\/li>\n\n\n\n<li>Zakaz palenia tytoniu, poza miejscem do tego wyznaczonym i u\u017cywanie otwartego ognia.<\/li>\n\n\n\n<li>Parkowania pojazd\u00f3w z nieszczelnymi uk\u0142adami powoduj\u0105cymi wycieki.<\/li>\n\n\n\n<li>Zakaz zanieczyszczenia i \u015bmiecenia parkingu oraz drogi dojazdowej.<\/li>\n\n\n\n<li>Zakaz niszczenia urz\u0105dze\u0144 i wyposa\u017cenia Parkingu.<\/li>\n\n\n\n<li>Zakaz prowadzenia pojazdu bez w\u0142\u0105czonych \u015bwiate\u0142 mijania.<\/li>\n\n\n\n<li>Zakaz prowadzenia pojazdu powy\u017cej 10km\/h.<\/li>\n\n\n\n<li>Zarz\u0105dca jest uprawniony do usuni\u0119cia z terenu Parkingu osoby niestosuj\u0105ce si\u0119 do powy\u017cszych zakaz\u00f3w.<\/li>\n<\/ol>\n\n\n\n<p>Regulamin parkingu wchodzi w \u017cycie z dniem rozpocz\u0119cia dzia\u0142alno\u015bci tj. z dniem 02 czerwca 2025r.<br>&nbsp;i obowi\u0105zuje a\u017c do odwo\u0142ania.<\/p>\n\n\n\n<p class=\"has-text-align-right\">Zarz\u0105dca Parkingu ZALATANI \u2013 Sebastian Winiarczyk<\/p>\n\n\n\n<p><\/p>\n<\/div><\/div><\/div>\n<\/div>\n<\/div><\/div>\n<\/div><\/section><\/div>\n<\/div><\/div>\n<\/div><\/section><\/div>\n","protected":false},"excerpt":{"rendered":"","protected":false},"author":1,"featured_media":0,"parent":0,"menu_order":4,"comment_status":"closed","ping_status":"closed","template":"","meta":{"ngg_post_thumbnail":0,"footnotes":""},"class_list":["post-418","page","type-page","status-publish","hentry"],"yoast_head":"<!-- This site is optimized with the Yoast SEO plugin v25.2 - https:\/\/yoast.com\/wordpress\/plugins\/seo\/ -->\n<title>Regulamin i RODO Parking przy Lotnisku Pyrzowice<\/title>\n<meta name=\"description\" content=\"Sprawd\u017a regulamin i zasady RODO parkingu przy lotnisku Pyrzowice. Poznaj zasady rezerwacji, parkowania i ochrony danych osobowych.\" \/>\n<meta name=\"robots\" content=\"index, follow, max-snippet:-1, max-image-preview:large, max-video-preview:-1\" \/>\n<link rel=\"canonical\" href=\"https:\/\/parkingpyrzowiceairport.pl\/?page_id=418\" \/>\n<meta property=\"og:locale\" content=\"pl_PL\" \/>\n<meta property=\"og:type\" content=\"article\" \/>\n<meta property=\"og:title\" content=\"Regulamin i RODO Parking przy Lotnisku Pyrzowice\" \/>\n<meta property=\"og:description\" content=\"Sprawd\u017a regulamin i zasady RODO parkingu przy lotnisku Pyrzowice. Poznaj zasady rezerwacji, parkowania i ochrony danych osobowych.\" \/>\n<meta property=\"og:url\" content=\"https:\/\/parkingpyrzowiceairport.pl\/?page_id=418\" \/>\n<meta property=\"og:site_name\" content=\"Zalatani Parking\" \/>\n<meta property=\"article:publisher\" content=\"https:\/\/www.facebook.com\/share\/1Mj3NaPZUP\/?mibextid=wwXIfr\" \/>\n<meta property=\"article:modified_time\" content=\"2025-06-06T07:08:59+00:00\" \/>\n<meta name=\"twitter:card\" content=\"summary_large_image\" \/>\n<script type=\"application\/ld+json\" class=\"yoast-schema-graph\">{\"@context\":\"https:\/\/schema.org\",\"@graph\":[{\"@type\":\"WebPage\",\"@id\":\"https:\/\/parkingpyrzowiceairport.pl\/?page_id=418\",\"url\":\"https:\/\/parkingpyrzowiceairport.pl\/?page_id=418\",\"name\":\"Regulamin i RODO Parking przy Lotnisku Pyrzowice\",\"isPartOf\":{\"@id\":\"https:\/\/parkingpyrzowiceairport.pl\/#website\"},\"datePublished\":\"2025-04-29T17:15:44+00:00\",\"dateModified\":\"2025-06-06T07:08:59+00:00\",\"description\":\"Sprawd\u017a regulamin i zasady RODO parkingu przy lotnisku Pyrzowice. Poznaj zasady rezerwacji, parkowania i ochrony danych osobowych.\",\"breadcrumb\":{\"@id\":\"https:\/\/parkingpyrzowiceairport.pl\/?page_id=418#breadcrumb\"},\"inLanguage\":\"pl-PL\",\"potentialAction\":[{\"@type\":\"ReadAction\",\"target\":[\"https:\/\/parkingpyrzowiceairport.pl\/?page_id=418\"]}]},{\"@type\":\"BreadcrumbList\",\"@id\":\"https:\/\/parkingpyrzowiceairport.pl\/?page_id=418#breadcrumb\",\"itemListElement\":[{\"@type\":\"ListItem\",\"position\":1,\"name\":\"Home\",\"item\":\"https:\/\/parkingpyrzowiceairport.pl\/\"},{\"@type\":\"ListItem\",\"position\":2,\"name\":\"REGULAMIN I RODO\"}]},{\"@type\":\"WebSite\",\"@id\":\"https:\/\/parkingpyrzowiceairport.pl\/#website\",\"url\":\"https:\/\/parkingpyrzowiceairport.pl\/\",\"name\":\"Zalatani Parking\",\"description\":\"U nas wakacje zaczniesz ju\u017c na parkingu.\",\"publisher\":{\"@id\":\"https:\/\/parkingpyrzowiceairport.pl\/#organization\"},\"potentialAction\":[{\"@type\":\"SearchAction\",\"target\":{\"@type\":\"EntryPoint\",\"urlTemplate\":\"https:\/\/parkingpyrzowiceairport.pl\/?s={search_term_string}\"},\"query-input\":{\"@type\":\"PropertyValueSpecification\",\"valueRequired\":true,\"valueName\":\"search_term_string\"}}],\"inLanguage\":\"pl-PL\"},{\"@type\":\"Organization\",\"@id\":\"https:\/\/parkingpyrzowiceairport.pl\/#organization\",\"name\":\"Zalatani Parking\",\"url\":\"https:\/\/parkingpyrzowiceairport.pl\/\",\"logo\":{\"@type\":\"ImageObject\",\"inLanguage\":\"pl-PL\",\"@id\":\"https:\/\/parkingpyrzowiceairport.pl\/#\/schema\/logo\/image\/\",\"url\":\"https:\/\/parkingpyrzowiceairport.pl\/wp-content\/uploads\/2025\/03\/Bez-nazwy-Koszulka-1.jpeg\",\"contentUrl\":\"https:\/\/parkingpyrzowiceairport.pl\/wp-content\/uploads\/2025\/03\/Bez-nazwy-Koszulka-1.jpeg\",\"width\":1556,\"height\":2001,\"caption\":\"Zalatani Parking\"},\"image\":{\"@id\":\"https:\/\/parkingpyrzowiceairport.pl\/#\/schema\/logo\/image\/\"},\"sameAs\":[\"https:\/\/www.facebook.com\/share\/1Mj3NaPZUP\/?mibextid=wwXIfr\"]}]}<\/script>\n<!-- \/ Yoast SEO plugin. -->","yoast_head_json":{"title":"Regulamin i RODO Parking przy Lotnisku Pyrzowice","description":"Sprawd\u017a regulamin i zasady RODO parkingu przy lotnisku Pyrzowice. Poznaj zasady rezerwacji, parkowania i ochrony danych osobowych.","robots":{"index":"index","follow":"follow","max-snippet":"max-snippet:-1","max-image-preview":"max-image-preview:large","max-video-preview":"max-video-preview:-1"},"canonical":"https:\/\/parkingpyrzowiceairport.pl\/?page_id=418","og_locale":"pl_PL","og_type":"article","og_title":"Regulamin i RODO Parking przy Lotnisku Pyrzowice","og_description":"Sprawd\u017a regulamin i zasady RODO parkingu przy lotnisku Pyrzowice. Poznaj zasady rezerwacji, parkowania i ochrony danych osobowych.","og_url":"https:\/\/parkingpyrzowiceairport.pl\/?page_id=418","og_site_name":"Zalatani Parking","article_publisher":"https:\/\/www.facebook.com\/share\/1Mj3NaPZUP\/?mibextid=wwXIfr","article_modified_time":"2025-06-06T07:08:59+00:00","twitter_card":"summary_large_image","schema":{"@context":"https:\/\/schema.org","@graph":[{"@type":"WebPage","@id":"https:\/\/parkingpyrzowiceairport.pl\/?page_id=418","url":"https:\/\/parkingpyrzowiceairport.pl\/?page_id=418","name":"Regulamin i RODO Parking przy Lotnisku Pyrzowice","isPartOf":{"@id":"https:\/\/parkingpyrzowiceairport.pl\/#website"},"datePublished":"2025-04-29T17:15:44+00:00","dateModified":"2025-06-06T07:08:59+00:00","description":"Sprawd\u017a regulamin i zasady RODO parkingu przy lotnisku Pyrzowice. Poznaj zasady rezerwacji, parkowania i ochrony danych osobowych.","breadcrumb":{"@id":"https:\/\/parkingpyrzowiceairport.pl\/?page_id=418#breadcrumb"},"inLanguage":"pl-PL","potentialAction":[{"@type":"ReadAction","target":["https:\/\/parkingpyrzowiceairport.pl\/?page_id=418"]}]},{"@type":"BreadcrumbList","@id":"https:\/\/parkingpyrzowiceairport.pl\/?page_id=418#breadcrumb","itemListElement":[{"@type":"ListItem","position":1,"name":"Home","item":"https:\/\/parkingpyrzowiceairport.pl\/"},{"@type":"ListItem","position":2,"name":"REGULAMIN I RODO"}]},{"@type":"WebSite","@id":"https:\/\/parkingpyrzowiceairport.pl\/#website","url":"https:\/\/parkingpyrzowiceairport.pl\/","name":"Zalatani Parking","description":"U nas wakacje zaczniesz ju\u017c na parkingu.","publisher":{"@id":"https:\/\/parkingpyrzowiceairport.pl\/#organization"},"potentialAction":[{"@type":"SearchAction","target":{"@type":"EntryPoint","urlTemplate":"https:\/\/parkingpyrzowiceairport.pl\/?s={search_term_string}"},"query-input":{"@type":"PropertyValueSpecification","valueRequired":true,"valueName":"search_term_string"}}],"inLanguage":"pl-PL"},{"@type":"Organization","@id":"https:\/\/parkingpyrzowiceairport.pl\/#organization","name":"Zalatani Parking","url":"https:\/\/parkingpyrzowiceairport.pl\/","logo":{"@type":"ImageObject","inLanguage":"pl-PL","@id":"https:\/\/parkingpyrzowiceairport.pl\/#\/schema\/logo\/image\/","url":"https:\/\/parkingpyrzowiceairport.pl\/wp-content\/uploads\/2025\/03\/Bez-nazwy-Koszulka-1.jpeg","contentUrl":"https:\/\/parkingpyrzowiceairport.pl\/wp-content\/uploads\/2025\/03\/Bez-nazwy-Koszulka-1.jpeg","width":1556,"height":2001,"caption":"Zalatani Parking"},"image":{"@id":"https:\/\/parkingpyrzowiceairport.pl\/#\/schema\/logo\/image\/"},"sameAs":["https:\/\/www.facebook.com\/share\/1Mj3NaPZUP\/?mibextid=wwXIfr"]}]}},"_links":{"self":[{"href":"https:\/\/parkingpyrzowiceairport.pl\/index.php?rest_route=\/wp\/v2\/pages\/418","targetHints":{"allow":["GET"]}}],"collection":[{"href":"https:\/\/parkingpyrzowiceairport.pl\/index.php?rest_route=\/wp\/v2\/pages"}],"about":[{"href":"https:\/\/parkingpyrzowiceairport.pl\/index.php?rest_route=\/wp\/v2\/types\/page"}],"author":[{"embeddable":true,"href":"https:\/\/parkingpyrzowiceairport.pl\/index.php?rest_route=\/wp\/v2\/users\/1"}],"replies":[{"embeddable":true,"href":"https:\/\/parkingpyrzowiceairport.pl\/index.php?rest_route=%2Fwp%2Fv2%2Fcomments&post=418"}],"version-history":[{"count":2,"href":"https:\/\/parkingpyrzowiceairport.pl\/index.php?rest_route=\/wp\/v2\/pages\/418\/revisions"}],"predecessor-version":[{"id":421,"href":"https:\/\/parkingpyrzowiceairport.pl\/index.php?rest_route=\/wp\/v2\/pages\/418\/revisions\/421"}],"wp:attachment":[{"href":"https:\/\/parkingpyrzowiceairport.pl\/index.php?rest_route=%2Fwp%2Fv2%2Fmedia&parent=418"}],"curies":[{"name":"wp","href":"https:\/\/api.w.org\/{rel}","templated":true}]}}